{"id":7511,"date":"2023-04-20T13:03:44","date_gmt":"2023-04-20T11:03:44","guid":{"rendered":"https:\/\/fisiolaherradura.com\/?page_id=7511"},"modified":"2023-04-20T13:09:51","modified_gmt":"2023-04-20T11:09:51","slug":"team","status":"publish","type":"page","link":"https:\/\/fisiolaherradura.com\/en\/team\/","title":{"rendered":"Team"},"content":{"rendered":"<p>[et_pb_section fb_built=&#8221;1&#8243; admin_label=&#8221;Banner Servicios&#8221; module_class=&#8221;bannerservicios3&#8243; _builder_version=&#8221;4.20.2&#8243; _module_preset=&#8221;default&#8221; background_image=&#8221;https:\/\/fisiolaherradura.com\/wp-content\/uploads\/2023\/03\/bannereq.png&#8221; custom_padding=&#8221;||156px|||&#8221; global_colors_info=&#8221;{}&#8221;][et_pb_row _builder_version=&#8221;4.20.2&#8243; _module_preset=&#8221;default&#8221; global_colors_info=&#8221;{}&#8221;][et_pb_column type=&#8221;4_4&#8243; _builder_version=&#8221;4.20.2&#8243; _module_preset=&#8221;default&#8221; global_colors_info=&#8221;{}&#8221;][et_pb_text _builder_version=&#8221;4.20.2&#8243; _module_preset=&#8221;default&#8221; text_line_height=&#8221;1.1em&#8221; header_font=&#8221;|300||on|||||&#8221; header_text_color=&#8221;#FFFFFF&#8221; header_font_size=&#8221;40px&#8221; custom_margin=&#8221;29px|0px|0px||false|false&#8221; custom_padding=&#8221;0px||0px|0px|false|false&#8221; global_colors_info=&#8221;{}&#8221;]<\/p>\n<h1>Enrique<br \/>\nAranda<br \/>\nL\u00f3pez<\/h1>\n<p>[\/et_pb_text][\/et_pb_column][\/et_pb_row][\/et_pb_section][et_pb_section fb_built=&#8221;1&#8243; admin_label=&#8221;Breadcrumbs&#8221; module_id=&#8221;breadcrumbs&#8221; module_class=&#8221;migasdepan&#8221; _builder_version=&#8221;4.20.2&#8243; background_color=&#8221;rgba(146,146,146,0.15)&#8221; custom_margin=&#8221;0px||||false|false&#8221; custom_padding=&#8221;0px||0px|0px|false|false&#8221; global_module=&#8221;3246&#8243; saved_tabs=&#8221;all&#8221; locked=&#8221;off&#8221; collapsed=&#8221;off&#8221; global_colors_info=&#8221;{}&#8221;][et_pb_row _builder_version=&#8221;4.20.2&#8243; background_color=&#8221;rgba(0,0,0,0)&#8221; custom_padding=&#8221;10px||10px||false|false&#8221; global_colors_info=&#8221;{}&#8221;][et_pb_column type=&#8221;4_4&#8243; _builder_version=&#8221;4.20.2&#8243; background_color=&#8221;RGBA(255,255,255,0)&#8221; global_colors_info=&#8221;{}&#8221;][et_pb_code _builder_version=&#8221;4.16&#8243; custom_padding=&#8221;||2px|||&#8221; locked=&#8221;off&#8221; global_colors_info=&#8221;{}&#8221;]<nav aria-label=\"breadcrumbs\" class=\"rank-math-breadcrumb\"><p><span class=\"last\">Inicio<\/span><\/p><\/nav>[\/et_pb_code][\/et_pb_column][\/et_pb_row][\/et_pb_section][et_pb_section fb_built=&#8221;1&#8243; _builder_version=&#8221;4.20.2&#8243; min_height=&#8221;999.1px&#8221; custom_margin=&#8221;||||false|false&#8221; custom_padding=&#8221;||37px||false|false&#8221; global_colors_info=&#8221;{}&#8221;][et_pb_row column_structure=&#8221;1_2,1_2&#8243; _builder_version=&#8221;4.16&#8243; background_size=&#8221;initial&#8221; background_position=&#8221;top_left&#8221; background_repeat=&#8221;repeat&#8221; custom_padding=&#8221;||0px|||&#8221; global_colors_info=&#8221;{}&#8221;][et_pb_column type=&#8221;1_2&#8243; _builder_version=&#8221;4.20.2&#8243; _module_preset=&#8221;default&#8221; global_colors_info=&#8221;{}&#8221;][et_pb_text admin_label=&#8221;Subt\u00edtulo&#8221; module_class=&#8221;subtitulopaginant&#8221; _builder_version=&#8221;4.20.2&#8243; _module_preset=&#8221;default&#8221; header_font=&#8221;|||on|||||&#8221; header_text_color=&#8221;#018997&#8243; header_2_font=&#8221;|||on|||||&#8221; header_2_text_color=&#8221;#018997&#8243; header_2_font_size=&#8221;32px&#8221; custom_padding=&#8221;0px|||||&#8221; global_colors_info=&#8221;{}&#8221;]<\/p>\n<h2>Physiotherapist and director of PhysioclinicLH<b><\/b><\/h2>\n<p>[\/et_pb_text][et_pb_text _builder_version=&#8221;4.20.2&#8243; text_font=&#8221;Lato||||||||&#8221; text_text_color=&#8221;#929292&#8243; background_size=&#8221;initial&#8221; background_position=&#8221;top_left&#8221; background_repeat=&#8221;repeat&#8221; custom_margin=&#8221;-18px|||||&#8221; custom_padding=&#8221;0px|||||&#8221; global_colors_info=&#8221;{}&#8221;]<\/p>\n<p>\u2022 Double graduate in Physiotherapy and Physical Activity and Sports Sciences from the European University of Madrid (UE)<br \/>\u2022 Expert in Myofascial Pain Syndrome and Trigger Points from the European University of Madrid (UE)<br \/>\u2022 Master&#8217;s Degree in Physiotherapy and Sports Rehabilitation from the Camilo Jos\u00e9 Cela University of Madrid (UCJC)<br \/>\u2022 Structural Osteopathy<br \/>\u2022 Currently studying 4th year of Osteopathy at the Madrid School of Osteopathy (EOM) <br \/>\u2022 Musculoskeletal ultrasound and invasive techniques<\/p>\n<p>[\/et_pb_text][\/et_pb_column][et_pb_column type=&#8221;1_2&#8243; _builder_version=&#8221;4.20.2&#8243; _module_preset=&#8221;default&#8221; global_colors_info=&#8221;{}&#8221;][et_pb_image src=&#8221;https:\/\/fisiolaherradura.com\/wp-content\/uploads\/2023\/03\/equipo1.png&#8221; title_text=&#8221;equipo1&#8243; _builder_version=&#8221;4.20.2&#8243; _module_preset=&#8221;default&#8221; custom_margin=&#8221;8px||86px|||&#8221; custom_padding=&#8221;0px||0px|||&#8221; global_colors_info=&#8221;{}&#8221;][\/et_pb_image][\/et_pb_column][\/et_pb_row][et_pb_row _builder_version=&#8221;4.20.2&#8243; _module_preset=&#8221;default&#8221; min_height=&#8221;117px&#8221; custom_margin=&#8221;-43px|auto||auto||&#8221; custom_padding=&#8221;95px||0px|||&#8221; global_colors_info=&#8221;{}&#8221;][et_pb_column type=&#8221;4_4&#8243; _builder_version=&#8221;4.20.2&#8243; _module_preset=&#8221;default&#8221; global_colors_info=&#8221;{}&#8221;][et_pb_text _builder_version=&#8221;4.20.4&#8243; _module_preset=&#8221;default&#8221; header_font=&#8221;|700|||||||&#8221; header_3_font=&#8221;|700||on|||||&#8221; header_3_text_color=&#8221;#018997&#8243; custom_margin=&#8221;-103px|||||&#8221; global_colors_info=&#8221;{}&#8221;]<\/p>\n<h3>Work experience<\/h3>\n<p><span style=\"color: #929292;\"><strong><span style=\"color: #018997;\">2013<\/span><\/strong>: Clinical stay for 1 month at the Quir\u00f3n University Hospital (Pozuelo).<\/span><br \/><span style=\"color: #929292;\"><strong><span style=\"color: #018997;\">2013-2014<\/span><\/strong>: Physiotherapist for the Youth and the C.D. Libertad Alcorc\u00f3n.<\/span><br \/><span style=\"color: #929292;\"><strong><span style=\"color: #018997;\">2014<\/span>:<\/strong> Clinical Stay for 1 month and a half at the Fundaci\u00f3n Jim\u00e9nez D\u00edaz University Hospital.<\/span><br \/><span style=\"color: #929292;\"><strong><span style=\"color: #018997;\">2014- 2015<\/span>:<\/strong> Physiotherapist and rehabilitator at the C.F. Trival Valderas Alcorc\u00f3n.<\/span><br \/><span style=\"color: #929292;\"><strong><span style=\"color: #018997;\">2015<\/span>:<\/strong> Stay Clinic for 15 days at the Ni\u00f1o Jes\u00fas University Hospital.<\/span><br \/><span style=\"color: #929292;\"><strong><span style=\"color: #018997;\">2015-2016:<\/span><\/strong> 4 months of PRACTICUM at the Premium Madrid clinic.<\/span><br \/><span style=\"color: #929292;\"><strong><span style=\"color: #018997;\">2016<\/span>:<\/strong> 1 month of PRACTICUM in the cardiorespiratory physiotherapy unit of the Infanta Elena University Hospital (Madrid).<\/span><br \/><span style=\"color: #929292;\"><strong><span style=\"color: #018997;\">2015-2016<\/span>:<\/strong> Physiotherapist at the Premium Madrid clinic.<\/span><br \/><span style=\"color: #929292;\"><strong><span style=\"color: #018997;\">2015-2016<\/span>:<\/strong> C.B Viten Getafe Physiotherapist in the LEB SILVER basketball category for the 2015\/2016 season. <\/span><br \/><span style=\"color: #929292;\"><strong><span style=\"color: #018997;\">2016-2017<\/span>:<\/strong> Physiotherapist at the M\u00e1laga C.F. youth academy (4 months)<\/span><br \/><span style=\"color: #929292;\"><strong><span style=\"color: #018997;\">2016-2017<\/span>:<\/strong> Physiotherapist of Coviran Granada in the LEB SILVER basketball category for the 2016\/2017 season and physiotherapist of the Fundaci\u00f3n Club Baloncesto Granada.<\/span><br \/><span style=\"color: #929292;\"><strong><span style=\"color: #018997;\">2017<\/span>:<\/strong> 1 month in the USA, Saint Louis (Missouri) working as an athletic trainer at Webster Groves High School and at the University of Saint Louis with the teams of soccer, volleyball and American football (Athletic training clinical experience)<\/span><br \/><span style=\"color: #929292;\"><strong><span style=\"color: #018997;\">2017-2018 <\/span>:<\/strong> Coviran Granada Physiotherapist in the LEB SILVER basketball category 2017\/2018 season<\/span><br \/><span style=\"color: #929292;\"><strong><span style=\"color: #018997;\">2017-2018<\/span>:<\/strong> Physiotherapist at Daniel Tapia Amores Clinic (5 months)<\/span><br \/><span style=\"color: #929292;\"><strong><span style=\"color: #018997;\">2018-2019<\/span>:<\/strong> Coviran Granada Physiotherapist in the LEB ORO basketball season category<\/span><\/p>\n<p>[\/et_pb_text][\/et_pb_column][\/et_pb_row][\/et_pb_section]<\/p>\n","protected":false},"excerpt":{"rendered":"<p>Enrique Aranda L\u00f3pez<nav aria-label=\"breadcrumbs\" class=\"rank-math-breadcrumb\"><p><span class=\"last\">Inicio<\/span><\/p><\/nav>Physiotherapist and director of PhysioclinicLH\u2022 Double graduate in Physiotherapy and Physical Activity and Sports Sciences from the European University of Madrid (UE)\u2022 Expert in Myofascial Pain Syndrome and Trigger Points from the European University of Madrid (UE)\u2022 Master&#8217;s Degree in Physiotherapy and Sports Rehabilitation from the Camilo Jos\u00e9 Cela University of Madrid (UCJC)\u2022 [&hellip;]<\/p>\n","protected":false},"author":1,"featured_media":0,"parent":0,"menu_order":0,"comment_status":"closed","ping_status":"closed","template":"","meta":{"_et_pb_use_builder":"on","_et_pb_old_content":"","_et_gb_content_width":"","footnotes":""},"class_list":["post-7511","page","type-page","status-publish","hentry"],"_links":{"self":[{"href":"https:\/\/fisiolaherradura.com\/en\/wp-json\/wp\/v2\/pages\/7511","targetHints":{"allow":["GET"]}}],"collection":[{"href":"https:\/\/fisiolaherradura.com\/en\/wp-json\/wp\/v2\/pages"}],"about":[{"href":"https:\/\/fisiolaherradura.com\/en\/wp-json\/wp\/v2\/types\/page"}],"author":[{"embeddable":true,"href":"https:\/\/fisiolaherradura.com\/en\/wp-json\/wp\/v2\/users\/1"}],"replies":[{"embeddable":true,"href":"https:\/\/fisiolaherradura.com\/en\/wp-json\/wp\/v2\/comments?post=7511"}],"version-history":[{"count":0,"href":"https:\/\/fisiolaherradura.com\/en\/wp-json\/wp\/v2\/pages\/7511\/revisions"}],"wp:attachment":[{"href":"https:\/\/fisiolaherradura.com\/en\/wp-json\/wp\/v2\/media?parent=7511"}],"curies":[{"name":"wp","href":"https:\/\/api.w.org\/{rel}","templated":true}]}}