{"id":7425,"date":"2020-03-06T08:16:51","date_gmt":"2020-03-06T08:16:51","guid":{"rendered":"https:\/\/fisiolaherradura.com\/politica-privacidad\/"},"modified":"2023-04-28T09:19:46","modified_gmt":"2023-04-28T07:19:46","slug":"politica-privacidad","status":"publish","type":"page","link":"https:\/\/fisiolaherradura.com\/en\/politica-privacidad\/","title":{"rendered":"Privacy Policy"},"content":{"rendered":"<p>[et_pb_section fb_built=&#8221;1&#8243; admin_label=&#8221;Breadcrumbs&#8221; module_id=&#8221;breadcrumbs&#8221; _builder_version=&#8221;4.14.8&#8243; background_color=&#8221;#cccccc&#8221; global_module=&#8221;3246&#8243; saved_tabs=&#8221;all&#8221; locked=&#8221;off&#8221; collapsed=&#8221;off&#8221; global_colors_info=&#8221;{}&#8221;][et_pb_row _builder_version=&#8221;4.16&#8243; custom_padding=&#8221;10px||10px||false|false&#8221; global_colors_info=&#8221;{}&#8221;][et_pb_column type=&#8221;4_4&#8243; _builder_version=&#8221;4.16&#8243; global_colors_info=&#8221;{}&#8221;][et_pb_code _builder_version=&#8221;4.16&#8243; custom_padding=&#8221;||72px|||&#8221; locked=&#8221;off&#8221; global_colors_info=&#8221;{}&#8221;]<nav aria-label=\"breadcrumbs\" class=\"rank-math-breadcrumb\"><p><span class=\"last\">Inicio<\/span><\/p><\/nav>[\/et_pb_code][\/et_pb_column][\/et_pb_row][\/et_pb_section][et_pb_section fb_built=&#8221;1&#8243; module_class=&#8221;seccion seccion-pagina contenido&#8221; _builder_version=&#8221;4.16&#8243; vertical_offset_tablet=&#8221;0&#8243; horizontal_offset_tablet=&#8221;0&#8243; z_index_tablet=&#8221;0&#8243; box_shadow_horizontal_tablet=&#8221;0px&#8221; box_shadow_vertical_tablet=&#8221;0px&#8221; box_shadow_blur_tablet=&#8221;40px&#8221; box_shadow_spread_tablet=&#8221;0px&#8221; global_colors_info=&#8221;{}&#8221;][et_pb_row _builder_version=&#8221;4.20.2&#8243; background_size=&#8221;initial&#8221; background_position=&#8221;top_left&#8221; background_repeat=&#8221;repeat&#8221; global_colors_info=&#8221;{}&#8221;][et_pb_column type=&#8221;4_4&#8243; _builder_version=&#8221;4.16&#8243; custom_padding=&#8221;|||&#8221; global_colors_info=&#8221;{}&#8221; custom_padding__hover=&#8221;|||&#8221;][et_pb_post_title meta=&#8221;off&#8221; featured_image=&#8221;off&#8221; module_class=&#8221;titulo-pagina&#8221; _builder_version=&#8221;4.20.2&#8243; vertical_offset_tablet=&#8221;0&#8243; horizontal_offset_tablet=&#8221;0&#8243; text_orientation=&#8221;center&#8221; custom_margin=&#8221;||-8px|||&#8221; hover_enabled=&#8221;0&#8243; z_index_tablet=&#8221;0&#8243; title_text_shadow_horizontal_length_tablet=&#8221;0px&#8221; title_text_shadow_vertical_length_tablet=&#8221;0px&#8221; title_text_shadow_blur_strength_tablet=&#8221;1px&#8221; meta_text_shadow_horizontal_length_tablet=&#8221;0px&#8221; meta_text_shadow_vertical_length_tablet=&#8221;0px&#8221; meta_text_shadow_blur_strength_tablet=&#8221;1px&#8221; box_shadow_horizontal_tablet=&#8221;0px&#8221; box_shadow_vertical_tablet=&#8221;0px&#8221; box_shadow_blur_tablet=&#8221;40px&#8221; box_shadow_spread_tablet=&#8221;0px&#8221; text_shadow_horizontal_length_tablet=&#8221;0px&#8221; text_shadow_vertical_length_tablet=&#8221;0px&#8221; text_shadow_blur_strength_tablet=&#8221;1px&#8221; global_colors_info=&#8221;{}&#8221; title_font=&#8221;||||||||&#8221; title_font_size=&#8221;49px&#8221; sticky_enabled=&#8221;0&#8243;][\/et_pb_post_title][et_pb_text _builder_version=&#8221;4.20.2&#8243; background_size=&#8221;initial&#8221; background_position=&#8221;top_left&#8221; background_repeat=&#8221;repeat&#8221; global_colors_info=&#8221;{}&#8221;]<\/p>\n<hr \/>\n<p>&nbsp;<\/p>\n<p style=\"text-align: justify;\"><strong>Acceso<\/strong>: La persona que nos facilita sus datos tendr\u00e1 derecho a obtener del responsable del tratamiento confirmaci\u00f3n de si se est\u00e1n tratando o no los datos que le concierne, as\u00ed como informaci\u00f3n detallada acerca de determinados aspectos del tratamiento que se est\u00e9 llevando a cabo.<\/p>\n<p style=\"text-align: justify;\"><strong>Rectificaci\u00f3n<\/strong>: La persona que nos facilita sus datos tendr\u00e1 derecho a obtener la rectificaci\u00f3n de los datos personales inexactos que le conciernen o a que se completen aquellos que fueran incompletos.<\/p>\n<p style=\"text-align: justify;\"><strong>Supresi\u00f3n<\/strong>: La persona que nos facilita sus datos tendr\u00e1 derecho a solicitar la supresi\u00f3n de sus datos personales; en todo caso la supresi\u00f3n estar\u00e1 sujeta a los l\u00edmites establecidos en la norma reguladora.<\/p>\n<p style=\"text-align: justify;\"><strong>Limitaci\u00f3n de su tratamiento<\/strong>: La persona que nos facilita sus datos tendr\u00e1 derecho a solicitar la limitaci\u00f3n del tratamiento de sus datos de car\u00e1cter personal.<\/p>\n<p style=\"text-align: justify;\"><strong>Oposici\u00f3n al tratamiento<\/strong>: En determinadas circunstancias, y por motivos relacionados con su situaci\u00f3n particular, las personas que nos facilitan sus datos podr\u00e1n oponerse al tratamiento de los mismos. La entidad dejar\u00e1 de tratarlos, salvo por motivos leg\u00edtimos, imperiosos, o el ejercicio o la defensa de posibles reclamaciones.<\/p>\n<p style=\"text-align: justify;\"><strong>Derecho a la portabilidad de sus datos<\/strong>: La persona que nos facilita sus datos tendr\u00e1 derecho a recibir los datos personales que le incumban, aquellos que haya facilitado a la persona responsable del tratamiento, en un formato estructurado, de uso com\u00fan y de lectura mec\u00e1nica, as\u00ed como a transmitirlos a cualquiera otra persona que pueda ser responsable del tratamiento.<\/p>\n<h3>INFORMACI\u00d3N ADICIONAL SOBRE NUESTRA POL\u00cdTICA DE PROTECCI\u00d3N DE DATOS<\/h3>\n<p>Cuestiones comunes para todas las actividades de tratamiento:<br \/><strong>\u00bfQui\u00e9n se responsabiliza del tratamiento de tus datos?<\/strong><br \/>Responsable de los datos:<strong><\/strong><\/p>\n<p>ENRIQUE ARANDA LOPEZ<br \/>N\u00famero de documento 76653409K<br \/>Direcci\u00f3n fiscal Calle SOS DEL REY CAT\u00d3LICO , 1, BAJO B, CP 18006 Granada<br \/>Tel\u00e9fono 629593264<br \/>Correo electr\u00f3nico enriquearanda.lopz@gmail.com<\/p>\n<p style=\"text-align: justify;\"><strong>\u00bfCu\u00e1les son tus derechos cuando nos facilitas tus datos?<br \/><\/strong>Cualquier persona tiene derecho a obtener confirmaci\u00f3n sobre si estamos tratando datos personales que les conciernen o no. En este sentido, tienes derecho a solicitar:<br \/>Puede ejercer los referidos derechos dirigi\u00e9ndose a la persona responsable. Para ello, puede utilizar los datos de contacto facilitados al inicio del presente documento. Si desea obtener informaci\u00f3n adicional respecto al ejercicio de sus derechos, tambi\u00e9n puede dirigirse a la Agencia Espa\u00f1ola de Protecci\u00f3n de Datos (AEPD). Asimismo, le informamos que, y si lo cree oportuno, tiene el derecho a retirar en cualquier momento el consentimiento otorgado para alguna finalidad espec\u00edfica, sin que ello afecte a la licitud del tratamiento, basado en el consentimiento previo a su retirada. En el caso de que entienda que no se han atendido adecuadamente sus derechos, puede presentar una reclamaci\u00f3n ante la Agencia Espa\u00f1ola de Protecci\u00f3n de Datos (C\/ Jorge Juan, 6 \u2013 28001 Madrid o en www.agpd.es).<\/p>\n<p>Cuestiones espec\u00edficas para cada actividad de tratamiento:<\/p>\n<h3>TRATAMIENTO DE BRECHAS DE SEGURIDAD<\/h3>\n<p><strong>\u00bfCon qu\u00e9 finalidad tratamos tus datos personales?<\/strong><br \/>La gesti\u00f3n y notificaci\u00f3n de brechas de seguridad.<br \/><strong>\u00bfDurante cu\u00e1nto tiempo trataremos sus datos?<\/strong><br \/>Se conservar\u00e1n durante el tiempo necesario para cumplir con la finalidad para la que se recabaron y para determinar las posibles responsabilidades que se pudieran derivar de dicha finalidad y del tratamiento de los datos. Una vez pasado dicho tiempo ser\u00e1n cancelados \/ suprimidos de oficio.<br \/><strong>\u00bfPor qu\u00e9 tratamos tus datos?<\/strong><br \/>Obligaci\u00f3n legal.<br \/><strong>\u00bfA qu\u00e9 personas se comunicar\u00e1n tus datos?<\/strong><br \/>Otros \u00f3rganos de la administraci\u00f3n p\u00fablica.<\/p>\n<h3>TRATAMIENTO DE CONTACTOS<\/h3>\n<p style=\"text-align: justify;\"><strong>\u00bfCon qu\u00e9 finalidad tratamos tus datos personales?<\/strong><br \/>Gestionar y dar respuesta a solicitudes de informaci\u00f3n y presupuesto, as\u00ed como mantener contacto con fines profesionales o empresariales con las personas f\u00edsicas, incluidas las que representan a personas jur\u00eddicas, con las que la entidad mantiene relaci\u00f3n.<br \/><strong>\u00bfDurante cu\u00e1nto tiempo trataremos sus datos?<\/strong><br \/>Se conservar\u00e1n durante el tiempo necesario para cumplir con la finalidad para la que se recabaron y para determinar las posibles responsabilidades que se pudieran derivar de dicha finalidad y del tratamiento de los datos. Una vez pasado dicho tiempo ser\u00e1n cancelados \/ suprimidos de oficio.<br \/><strong>\u00bfPor qu\u00e9 tratamos tus datos?<\/strong><br \/>Inter\u00e9s leg\u00edtimo.<br \/><strong>\u00bfA qu\u00e9 personas se comunicar\u00e1n tus datos?<\/strong><br \/>No se ceden datos a terceros, salvo obligaciones legales<\/p>\n<h3>TRATAMIENTO DE EJERCICIO DE LOS DERECHOS<\/h3>\n<p><strong>\u00bfCon qu\u00e9 finalidad tratamos tus datos personales?<\/strong><br \/>Gesti\u00f3n del ejercicio de los derechos contemplados en la legislaci\u00f3n de protecci\u00f3n de datos y de las hojas de reclamaciones.<br \/><strong>\u00bfDurante cu\u00e1nto tiempo trataremos sus datos?<\/strong><br \/>Se conservar\u00e1n durante el tiempo necesario para resolver las reclamaciones.<br \/><strong>\u00bfPor qu\u00e9 tratamos tus datos?<\/strong><br \/>Obligaci\u00f3n legal.<br \/><strong>\u00bfA qu\u00e9 personas se comunicar\u00e1n tus datos?<\/strong><br \/>Otros \u00f3rganos de la administraci\u00f3n p\u00fablica.<\/p>\n<h3>TRATAMIENTO DE PRESTACI\u00d3N DEL SERVICIO PACIENTES<\/h3>\n<p style=\"text-align: justify;\"><strong>\u00bfCon qu\u00e9 finalidad tratamos tus datos personales?<\/strong><br \/>Gesti\u00f3n de pacientes, historias cl\u00ednicas, documentaci\u00f3n m\u00e9dica y dem\u00e1s servicios relacionados con la finalidad cl\u00ednica y asistencial. Gesti\u00f3n fiscal y contable con la finalidad de cumplir con obligaciones legales<br \/><strong>\u00bfDurante cu\u00e1nto tiempo trataremos sus datos?<\/strong><br \/>Se conservar\u00e1n durante el tiempo necesario para cumplir con la finalidad para la que se recabaron y para determinar las posibles responsabilidades que se pudieran derivar de dicha finalidad y del tratamiento de los datos. Una vez pasado dicho tiempo ser\u00e1n cancelados \/ suprimidos de oficio.<br \/><strong>\u00bfPor qu\u00e9 tratamos tus datos?<\/strong><br \/>Consentimiento y firma de la persona, Ejecuci\u00f3n de un contrato.<br \/><strong>\u00bfA qu\u00e9 personas se comunicar\u00e1n tus datos?<\/strong><br \/>Administraci\u00f3n tributaria, Entidades aseguradoras, Entidades sanitarias, Organismos de la seguridad social.<br \/>Adem\u00e1s sobre este tratamiento existen los siguientes Encargados:<br \/>Raz\u00f3n social S &amp; R ASESORES Y GESTORES EMPRESARIALES, S.L.<br \/>N\u00famero de documento B18546903<br \/>Direcci\u00f3n fiscal Calle MESONES, 1, 2\u00baG 7 OFICINA 1, CP 18001 Granada<br \/>Actividad ASESORIA LABORAL Y FISCAL 3<\/p>\n<h3>TRATAMIENTO DE PROMOCI\u00d3N DE LA ENTIDAD<\/h3>\n<p style=\"text-align: justify;\"><strong>\u00bfCon qu\u00e9 finalidad tratamos tus datos personales?<\/strong><br \/>Utilizaci\u00f3n de datos personales (imagen) mediante fotograf\u00edas y material audiovisual, facilitados dentro de la relaci\u00f3n con la entidad, para ser publicados en p\u00e1gina web y perfiles en redes sociales de la entidad, filmaciones destinadas a difusi\u00f3n comercial, impresi\u00f3n en revistas o publicaciones relacionadas con nuestro sector.<br \/><strong>\u00bfDurante cu\u00e1nto tiempo trataremos sus datos?<\/strong><br \/>Se conservar\u00e1n durante el tiempo necesario para cumplir con la finalidad para la que se recabaron y para determinar las posibles responsabilidades que se pudieran derivar de dicha finalidad y del tratamiento de los datos. Una vez pasado dicho tiempo ser\u00e1n cancelados \/ suprimidos de oficio.<br \/><strong>\u00bfPor qu\u00e9 tratamos tus datos?<\/strong><br \/>Consentimiento y firma de la persona.<br \/><strong>\u00bfA qu\u00e9 personas se comunicar\u00e1n tus datos?<\/strong><br \/>No se ceden datos a terceros, salvo obligaciones legales.<\/p>\n<h3>TRATAMIENTO DE PROVEEDORES<\/h3>\n<p style=\"text-align: justify;\"><strong>\u00bfCon qu\u00e9 finalidad tratamos tus datos personales?<\/strong><br \/>Gesti\u00f3n de la relaci\u00f3n comercial con proveedores.<br \/><strong>\u00bfDurante cu\u00e1nto tiempo trataremos sus datos?<\/strong><br \/>Se conservar\u00e1n durante el tiempo necesario para cumplir con la finalidad para la que se recabaron y para determinar las posibles responsabilidades que se pudieran derivar de dicha finalidad y del tratamiento de los datos. Una vez pasado dicho tiempo ser\u00e1n cancelados \/ suprimidos de oficio.<br \/><strong>\u00bfPor qu\u00e9 tratamos tus datos?<\/strong><br \/>Ejecuci\u00f3n de un contrato.<br \/><strong>\u00bfA qu\u00e9 personas se comunicar\u00e1n tus datos?<\/strong><br \/>Administraci\u00f3n tributaria, Bancos, cajas de ahorro y cajas rurales.<br \/>Adem\u00e1s sobre este tratamiento existen los siguientes Encargados:<br \/>Raz\u00f3n social S &amp; R ASESORES Y GESTORES EMPRESARIALES, S.L.<br \/>N\u00famero de documento B18546903<br \/>Direcci\u00f3n fiscal Calle MESONES, 1, 2\u00baG 7 OFICINA 1, CP 18001 Granada 4<\/p>\n<p style=\"text-align: justify;\">Raz\u00f3n social S &amp; R ASESORES Y GESTORES EMPRESARIALES, S.L.<br \/>N\u00famero de documento B18546903<br \/>Actividad ASESORIA LABORAL Y FISCAL<\/p>\n<h3 style=\"text-align: left;\">TRATAMIENTO DE SELECCI\u00d3N DE PERSONAL<\/h3>\n<p style=\"text-align: justify;\"><strong>\u00bfCon qu\u00e9 finalidad tratamos tus datos personales?<\/strong><br \/>Gesti\u00f3n de la relaci\u00f3n con los candidatos a un empleo en la entidad<br \/><strong>\u00bfDurante cu\u00e1nto tiempo trataremos sus datos?<\/strong><br \/>Se conservar\u00e1n durante el tiempo necesario para cumplir con la finalidad para la que se recabaron y para determinar las posibles responsabilidades que se pudieran derivar de dicha finalidad y del tratamiento de los datos. Una vez pasado dicho tiempo ser\u00e1n cancelados \/ suprimidos de oficio.<br \/><strong>\u00bfPor qu\u00e9 tratamos tus datos?<\/strong><br \/>Consentimiento y firma de la persona, Obligaci\u00f3n legal.<br \/><strong>\u00bfA qu\u00e9 personas se comunicar\u00e1n tus datos?<\/strong><br \/>Administraci\u00f3n tributaria, Entidades sanitarias.<\/p>\n<p>[\/et_pb_text][\/et_pb_column][\/et_pb_row][\/et_pb_section]<\/p>\n","protected":false},"excerpt":{"rendered":"<p><nav aria-label=\"breadcrumbs\" class=\"rank-math-breadcrumb\"><p><span class=\"last\">Inicio<\/span><\/p><\/nav> &nbsp; Acceso: La persona que nos facilita sus datos tendr\u00e1 derecho a obtener del responsable del tratamiento confirmaci\u00f3n de si se est\u00e1n tratando o no los datos que le concierne, as\u00ed como informaci\u00f3n detallada acerca de determinados aspectos del tratamiento que se est\u00e9 llevando a cabo. Rectificaci\u00f3n: La persona que nos facilita sus datos [&hellip;]<\/p>\n","protected":false},"author":1,"featured_media":0,"parent":0,"menu_order":0,"comment_status":"closed","ping_status":"open","template":"","meta":{"_et_pb_use_builder":"on","_et_pb_old_content":"","_et_gb_content_width":"","footnotes":""},"class_list":["post-7425","page","type-page","status-publish","hentry"],"_links":{"self":[{"href":"https:\/\/fisiolaherradura.com\/en\/wp-json\/wp\/v2\/pages\/7425","targetHints":{"allow":["GET"]}}],"collection":[{"href":"https:\/\/fisiolaherradura.com\/en\/wp-json\/wp\/v2\/pages"}],"about":[{"href":"https:\/\/fisiolaherradura.com\/en\/wp-json\/wp\/v2\/types\/page"}],"author":[{"embeddable":true,"href":"https:\/\/fisiolaherradura.com\/en\/wp-json\/wp\/v2\/users\/1"}],"replies":[{"embeddable":true,"href":"https:\/\/fisiolaherradura.com\/en\/wp-json\/wp\/v2\/comments?post=7425"}],"version-history":[{"count":0,"href":"https:\/\/fisiolaherradura.com\/en\/wp-json\/wp\/v2\/pages\/7425\/revisions"}],"wp:attachment":[{"href":"https:\/\/fisiolaherradura.com\/en\/wp-json\/wp\/v2\/media?parent=7425"}],"curies":[{"name":"wp","href":"https:\/\/api.w.org\/{rel}","templated":true}]}}