{"id":7380,"date":"2023-03-20T10:08:55","date_gmt":"2023-03-20T09:08:55","guid":{"rendered":"https:\/\/fisiolaherradura.com\/donde-estamos\/"},"modified":"2023-04-18T12:36:10","modified_gmt":"2023-04-18T10:36:10","slug":"donde-estamos","status":"publish","type":"page","link":"https:\/\/fisiolaherradura.com\/en\/donde-estamos\/","title":{"rendered":"Where to find us"},"content":{"rendered":"<p>[et_pb_section fb_built=&#8221;1&#8243; admin_label=&#8221;Banner Servicios&#8221; module_class=&#8221;bannerservicios&#8221; _builder_version=&#8221;4.20.2&#8243; _module_preset=&#8221;default&#8221; background_image=&#8221;https:\/\/fisiolaherradura.com\/wp-content\/uploads\/2023\/03\/bannerestamos.jpg&#8221; custom_padding=&#8221;||156px|||&#8221; global_colors_info=&#8221;{}&#8221;][et_pb_row _builder_version=&#8221;4.20.2&#8243; _module_preset=&#8221;default&#8221; global_colors_info=&#8221;{}&#8221;][et_pb_column type=&#8221;4_4&#8243; _builder_version=&#8221;4.20.2&#8243; _module_preset=&#8221;default&#8221; global_colors_info=&#8221;{}&#8221;][et_pb_text _builder_version=&#8221;4.20.2&#8243; _module_preset=&#8221;default&#8221; header_font=&#8221;|300||on|||||&#8221; header_text_color=&#8221;#FFFFFF&#8221; header_font_size=&#8221;40px&#8221; custom_margin=&#8221;75px||||false|false&#8221; global_colors_info=&#8221;{}&#8221;]<\/p>\n<h1>Where to<br \/>\nFind Us<\/h1>\n<p>[\/et_pb_text][\/et_pb_column][\/et_pb_row][\/et_pb_section][et_pb_section fb_built=&#8221;1&#8243; admin_label=&#8221;Breadcrumbs&#8221; module_id=&#8221;breadcrumbs&#8221; module_class=&#8221;migasdepan&#8221; _builder_version=&#8221;4.20.2&#8243; background_color=&#8221;rgba(146,146,146,0.15)&#8221; custom_margin=&#8221;0px||||false|false&#8221; custom_padding=&#8221;0px||0px|0px|false|false&#8221; global_module=&#8221;3246&#8243; saved_tabs=&#8221;all&#8221; locked=&#8221;off&#8221; collapsed=&#8221;off&#8221; global_colors_info=&#8221;{}&#8221;][et_pb_row _builder_version=&#8221;4.20.2&#8243; background_color=&#8221;rgba(0,0,0,0)&#8221; custom_padding=&#8221;10px||10px||false|false&#8221; global_colors_info=&#8221;{}&#8221;][et_pb_column type=&#8221;4_4&#8243; _builder_version=&#8221;4.20.2&#8243; background_color=&#8221;RGBA(255,255,255,0)&#8221; global_colors_info=&#8221;{}&#8221;][et_pb_code _builder_version=&#8221;4.16&#8243; custom_padding=&#8221;||2px|||&#8221; locked=&#8221;off&#8221; global_colors_info=&#8221;{}&#8221;]<nav aria-label=\"breadcrumbs\" class=\"rank-math-breadcrumb\"><p><span class=\"last\">Inicio<\/span><\/p><\/nav>[\/et_pb_code][\/et_pb_column][\/et_pb_row][\/et_pb_section][et_pb_section fb_built=&#8221;1&#8243; _builder_version=&#8221;4.20.2&#8243; _module_preset=&#8221;default&#8221; global_colors_info=&#8221;{}&#8221;][et_pb_row column_structure=&#8221;1_2,1_2&#8243; _builder_version=&#8221;4.20.2&#8243; _module_preset=&#8221;default&#8221; global_colors_info=&#8221;{}&#8221;][et_pb_column type=&#8221;1_2&#8243; _builder_version=&#8221;4.20.2&#8243; _module_preset=&#8221;default&#8221; global_colors_info=&#8221;{}&#8221;][et_pb_text module_class=&#8221;titulodondeestamos&#8221; _builder_version=&#8221;4.20.4&#8243; _module_preset=&#8221;default&#8221; header_font=&#8221;|300||on|||||&#8221; header_text_color=&#8221;#018997&#8243; header_font_size=&#8221;64px&#8221; hover_enabled=&#8221;0&#8243; global_colors_info=&#8221;{}&#8221; sticky_enabled=&#8221;0&#8243;]<\/p>\n<h2 style=\"font-size: 64px; color: #018997; text-transform: uppercase; font-weight: 300\">Fisioterapia la herradura<\/h2>\n<p><span style=\"color: #929292;\">You can find us at: <span style=\"color: #018997;\"><strong>Avenida Francisco Prieto Moreno s\/n<\/strong><\/span>, edificio Bah\u00eda Jard\u00edn, LOCAL 7, 18697 La Herradura (Almu\u00f1\u00e9car, Granada) ESPA\u00d1A Across from the Civic Center and next to Bodega San Jos\u00e9.<\/span>[\/et_pb_text][et_pb_image src=&#8221;https:\/\/fisiolaherradura.com\/wp-content\/uploads\/2023\/03\/dondeestamos.jpg&#8221; title_text=&#8221;dondeestamos&#8221; _builder_version=&#8221;4.20.2&#8243; _module_preset=&#8221;default&#8221; custom_margin=&#8221;20px|||||&#8221; custom_padding=&#8221;18px|||||&#8221; global_colors_info=&#8221;{}&#8221;][\/et_pb_image][\/et_pb_column][et_pb_column type=&#8221;1_2&#8243; _builder_version=&#8221;4.20.2&#8243; _module_preset=&#8221;default&#8221; global_colors_info=&#8221;{}&#8221;][et_pb_code admin_label=&#8221;Mapa&#8221; module_class=&#8221;mapaestamos&#8221; _builder_version=&#8221;4.20.2&#8243; _module_preset=&#8221;default&#8221; custom_margin=&#8221;12px|||||&#8221; global_colors_info=&#8221;{}&#8221;]<iframe src=\"https:\/\/www.google.com\/maps\/embed?pb=!1m18!1m12!1m3!1d3197.4918392841!2d-3.742085584343661!3d36.734763779962215!2m3!1f0!2f0!3f0!3m2!1i1024!2i768!4f13.1!3m3!1m2!1s0xd7189560b0f32f1%3A0x619a32d7362288bf!2sFisioclinicaLH%20Fisioterapia-Osteopatia-Podologia-Nutrici%C3%B3n!5e0!3m2!1ses!2ses!4v1680166122128!5m2!1ses!2ses\" width=\"100%\" height=\"280\" style=\"border:0;\" allowfullscreen=\"\" loading=\"lazy\" referrerpolicy=\"no-referrer-when-downgrade\"><\/iframe>[\/et_pb_code][et_pb_text _builder_version=&#8221;4.20.2&#8243; _module_preset=&#8221;default&#8221; header_letter_spacing=&#8221;-1px&#8221; header_2_text_color=&#8221;#018997&#8243; header_2_font_size=&#8221;32px&#8221; global_colors_info=&#8221;{}&#8221;]<\/p>\n<h2>We are one of the leading physiotherapy clinics in our area: Come visit us!<\/h2>\n<p><span style=\"color: #929292;\">Call, make an appointment with us, and we will study your case. We will propose one of our therapies, completely personalized, and according to your ailments or needs.<\/span><\/p>\n<p>[\/et_pb_text][\/et_pb_column][\/et_pb_row][\/et_pb_section]<\/p>\n","protected":false},"excerpt":{"rendered":"<p>Where to Find Us<nav aria-label=\"breadcrumbs\" class=\"rank-math-breadcrumb\"><p><span class=\"last\">Inicio<\/span><\/p><\/nav>Fisioterapia la herradura You can find us at: Avenida Francisco Prieto Moreno s\/n, edificio Bah\u00eda Jard\u00edn, LOCAL 7, 18697 La Herradura (Almu\u00f1\u00e9car, Granada) ESPA\u00d1A Across from the Civic Center and next to Bodega San Jos\u00e9.We are one of the leading physiotherapy clinics in our area: Come visit us! Call, make an appointment [&hellip;]<\/p>\n","protected":false},"author":1,"featured_media":0,"parent":0,"menu_order":0,"comment_status":"closed","ping_status":"closed","template":"","meta":{"_et_pb_use_builder":"on","_et_pb_old_content":"","_et_gb_content_width":"","footnotes":""},"class_list":["post-7380","page","type-page","status-publish","hentry"],"_links":{"self":[{"href":"https:\/\/fisiolaherradura.com\/en\/wp-json\/wp\/v2\/pages\/7380","targetHints":{"allow":["GET"]}}],"collection":[{"href":"https:\/\/fisiolaherradura.com\/en\/wp-json\/wp\/v2\/pages"}],"about":[{"href":"https:\/\/fisiolaherradura.com\/en\/wp-json\/wp\/v2\/types\/page"}],"author":[{"embeddable":true,"href":"https:\/\/fisiolaherradura.com\/en\/wp-json\/wp\/v2\/users\/1"}],"replies":[{"embeddable":true,"href":"https:\/\/fisiolaherradura.com\/en\/wp-json\/wp\/v2\/comments?post=7380"}],"version-history":[{"count":0,"href":"https:\/\/fisiolaherradura.com\/en\/wp-json\/wp\/v2\/pages\/7380\/revisions"}],"wp:attachment":[{"href":"https:\/\/fisiolaherradura.com\/en\/wp-json\/wp\/v2\/media?parent=7380"}],"curies":[{"name":"wp","href":"https:\/\/api.w.org\/{rel}","templated":true}]}}