{"id":7227,"date":"2023-03-20T10:14:33","date_gmt":"2023-03-20T09:14:33","guid":{"rendered":"https:\/\/fisiolaherradura.com\/neuromodulacion-percutanea\/"},"modified":"2025-01-27T19:00:05","modified_gmt":"2025-01-27T18:00:05","slug":"neuromodulacion-percutanea","status":"publish","type":"page","link":"https:\/\/fisiolaherradura.com\/en\/neuromodulacion-percutanea\/","title":{"rendered":"Percutaneous neuromodulation"},"content":{"rendered":"<p>[et_pb_section fb_built=&#8221;1&#8243; admin_label=&#8221;Banner Servicios&#8221; module_class=&#8221;bannerservicios&#8221; _builder_version=&#8221;4.20.2&#8243; _module_preset=&#8221;default&#8221; background_image=&#8221;https:\/\/fisiolaherradura.com\/wp-content\/uploads\/2023\/03\/bannerfi.png&#8221; custom_padding=&#8221;||156px|||&#8221; global_colors_info=&#8221;{}&#8221;][et_pb_row _builder_version=&#8221;4.20.2&#8243; _module_preset=&#8221;default&#8221; global_colors_info=&#8221;{}&#8221;][et_pb_column type=&#8221;4_4&#8243; _builder_version=&#8221;4.20.2&#8243; _module_preset=&#8221;default&#8221; global_colors_info=&#8221;{}&#8221;][et_pb_text _builder_version=&#8221;4.20.2&#8243; _module_preset=&#8221;default&#8221; header_font=&#8221;|300||on|||||&#8221; header_text_color=&#8221;#FFFFFF&#8221; header_font_size=&#8221;40px&#8221; custom_margin=&#8221;75px||||false|false&#8221; global_colors_info=&#8221;{}&#8221;]<\/p>\n<h1>Percutaneous Neuromodulation<\/h1>\n<p>[\/et_pb_text][\/et_pb_column][\/et_pb_row][\/et_pb_section][et_pb_section fb_built=&#8221;1&#8243; admin_label=&#8221;Breadcrumbs&#8221; module_id=&#8221;breadcrumbs&#8221; module_class=&#8221;migasdepan&#8221; _builder_version=&#8221;4.20.2&#8243; background_color=&#8221;rgba(146,146,146,0.15)&#8221; custom_margin=&#8221;0px||||false|false&#8221; custom_padding=&#8221;0px||0px|0px|false|false&#8221; global_module=&#8221;3246&#8243; saved_tabs=&#8221;all&#8221; locked=&#8221;off&#8221; collapsed=&#8221;off&#8221; global_colors_info=&#8221;{}&#8221;][et_pb_row _builder_version=&#8221;4.20.2&#8243; background_color=&#8221;rgba(0,0,0,0)&#8221; custom_padding=&#8221;10px||10px||false|false&#8221; global_colors_info=&#8221;{}&#8221;][et_pb_column type=&#8221;4_4&#8243; _builder_version=&#8221;4.20.2&#8243; background_color=&#8221;RGBA(255,255,255,0)&#8221; global_colors_info=&#8221;{}&#8221;][et_pb_code _builder_version=&#8221;4.16&#8243; custom_padding=&#8221;||2px|||&#8221; locked=&#8221;off&#8221; global_colors_info=&#8221;{}&#8221;]<nav aria-label=\"breadcrumbs\" class=\"rank-math-breadcrumb\"><p><span class=\"last\">Inicio<\/span><\/p><\/nav>[\/et_pb_code][\/et_pb_column][\/et_pb_row][\/et_pb_section][et_pb_section fb_built=&#8221;1&#8243; _builder_version=&#8221;4.16&#8243; custom_padding=&#8221;||19px|||&#8221; global_colors_info=&#8221;{}&#8221;][et_pb_row column_structure=&#8221;1_2,1_2&#8243; _builder_version=&#8221;4.16&#8243; background_size=&#8221;initial&#8221; background_position=&#8221;top_left&#8221; background_repeat=&#8221;repeat&#8221; custom_padding=&#8221;||6px|||&#8221; global_colors_info=&#8221;{}&#8221;][et_pb_column type=&#8221;1_2&#8243; _builder_version=&#8221;4.20.2&#8243; _module_preset=&#8221;default&#8221; global_colors_info=&#8221;{}&#8221;][et_pb_text admin_label=&#8221;Subt\u00edtulo&#8221; module_class=&#8221;subtitulopaginant&#8221; _builder_version=&#8221;4.20.2&#8243; _module_preset=&#8221;default&#8221; header_text_color=&#8221;#018997&#8243; header_2_text_color=&#8221;#018997&#8243; custom_padding=&#8221;0px|||||&#8221; global_colors_info=&#8221;{}&#8221;]<\/p>\n<h2><b>Percutaneous neuromodulation<br \/><\/b><\/h2>\n<p>[\/et_pb_text][et_pb_text _builder_version=&#8221;4.20.2&#8243; text_font=&#8221;Lato||||||||&#8221; text_text_color=&#8221;#929292&#8243; background_size=&#8221;initial&#8221; background_position=&#8221;top_left&#8221; background_repeat=&#8221;repeat&#8221; custom_margin=&#8221;-18px|||||&#8221; custom_padding=&#8221;0px|||||&#8221; global_colors_info=&#8221;{}&#8221;]<\/p>\n<div class=\"col-md-6\">\n<p>Ultrasound-guided percutaneous neuromodulation technique is defined as the use of an ultrasound-guided needle to produce electrical stimulation of a peripheral nerve at a point along its path or of a muscle at a motor point, with a therapeutic objective.<\/p>\n<p>That is, we use a puncture needle associated with a low or medium frequency electrical current to induce a sensory and\/or motor response by stimulating the peripheral nerve.<\/p>\n<p>A technique which, in short, allows us to stimulate the peripheral nerve very precisely at the root level and along its path.<\/p>\n<p>In the interest of safety and effectiveness, this technique must be applied while using ultrasound. The professional performing ultrasound-guided physiotherapy must be highly-knowledgeable of human anatomy.<\/p>\n<p>The application is based on stimulation using a puncture needle associated with a low or medium frequency electrical current, in order to induce a sensory and\/or motor response by stimulating the peripheral nerve, or to achieve a motor response by stimulating the motor point.<\/p>\n<p>We should remind you that neuromodulation is a safe, effective technique that is practically painless. Percutaneous neuromodulation is one of the most requested techniques among our patients.<\/p>\n<p>Because this therapy offers a shorter recovery time and better prognosis, it has earned a place for itself among workers and athletes who practice diverse sports, for whom this type of therapy can positively impact the treatment of their injuries and even improve their athletic performance. Next, we present a series of indications and contraindications associated with the application of this technique. The contraindications, as you can see, are based exclusively\u2026<\/p>\n<\/div>\n<div class=\"col-md-6\"><\/div>\n<p>[\/et_pb_text][\/et_pb_column][et_pb_column type=&#8221;1_2&#8243; _builder_version=&#8221;4.20.2&#8243; _module_preset=&#8221;default&#8221; global_colors_info=&#8221;{}&#8221;][et_pb_image src=&#8221;https:\/\/fisiolaherradura.com\/wp-content\/uploads\/2023\/03\/inva3.png&#8221; title_text=&#8221;inva3&#8243; _builder_version=&#8221;4.20.2&#8243; _module_preset=&#8221;default&#8221; custom_margin=&#8221;288px||86px|||&#8221; custom_padding=&#8221;0px||0px|||&#8221; global_colors_info=&#8221;{}&#8221;][\/et_pb_image][\/et_pb_column][\/et_pb_row][\/et_pb_section][et_pb_section fb_built=&#8221;1&#8243; _builder_version=&#8221;4.20.2&#8243; _module_preset=&#8221;default&#8221; custom_padding=&#8221;||0px|||&#8221; global_colors_info=&#8221;{}&#8221;][\/et_pb_section][et_pb_section fb_built=&#8221;1&#8243; _builder_version=&#8221;4.20.2&#8243; _module_preset=&#8221;default&#8221; custom_margin=&#8221;-431px|||||&#8221; custom_padding=&#8221;14px|||||&#8221; global_colors_info=&#8221;{}&#8221;][et_pb_row column_structure=&#8221;1_2,1_2&#8243; _builder_version=&#8221;4.20.2&#8243; _module_preset=&#8221;default&#8221; custom_margin=&#8221;23px|auto||auto||&#8221; custom_padding=&#8221;0px|||||&#8221; global_colors_info=&#8221;{}&#8221;][et_pb_column type=&#8221;1_2&#8243; _builder_version=&#8221;4.20.2&#8243; _module_preset=&#8221;default&#8221; global_colors_info=&#8221;{}&#8221;][et_pb_text module_class=&#8221;indicacionestitulo&#8221; _builder_version=&#8221;4.20.4&#8243; _module_preset=&#8221;default&#8221; text_font=&#8221;||||||||&#8221; text_text_color=&#8221;#929292&#8243; header_3_font=&#8221;Lato|||on|||||&#8221; header_3_text_color=&#8221;#018997&#8243; custom_margin=&#8221;||-27px|||&#8221; custom_padding=&#8221;45px|||||&#8221; global_colors_info=&#8221;{}&#8221;]<\/p>\n<h3><strong>INDICACIONES<\/strong><\/h3>\n<p>\u2022 Hernias discales, cervicobraquialgias, ci\u00e1ticas<br \/>\u2022 Cefaleas, neuralgias craneales<br \/>\u2022 Dolor neurop\u00e1tico (dolor que genera el nervio)<br \/>\u2022 Dolores musculoesquel\u00e9ticos<br \/>\u2022 Mejora de la activaci\u00f3n\/control neuromuscular<br \/>\u2022 Perdida de sensibilidad<br \/>\u2022 Inestabilidad articular<br \/>\u2022 Roturas musculares<\/p>\n<p>[\/et_pb_text][\/et_pb_column][et_pb_column type=&#8221;1_2&#8243; _builder_version=&#8221;4.20.2&#8243; _module_preset=&#8221;default&#8221; global_colors_info=&#8221;{}&#8221;][et_pb_text module_class=&#8221;contraindicacionestitulonp&#8221; _builder_version=&#8221;4.20.2&#8243; _module_preset=&#8221;default&#8221; header_3_font=&#8221;Lato|||on|||||&#8221; custom_margin=&#8221;39px|||||&#8221; global_colors_info=&#8221;{}&#8221;]<\/p>\n<h3><span style=\"color: #018997;\"><strong>Contraindications:<\/strong><\/span><\/h3>\n<p><span style=\"color: #018997;\"><span style=\"color: #929292;\">\u2022 Fear of needles<\/span><br \/><span style=\"color: #929292;\">\u2022 Clotting problems<\/span><br \/><span style=\"color: #929292;\">\u2022 Allergies to metals (such as nickel; although there are needles made of a number of different materials, an evaluation must be made and taken into account)<\/span><br \/><span style=\"color: #929292;\">\u2022 In pregnant women (in areas close to the pelvic and abdominal regions)<\/span><\/span><\/p>\n<p>[\/et_pb_text][\/et_pb_column][\/et_pb_row][et_pb_row _builder_version=&#8221;4.20.4&#8243; _module_preset=&#8221;default&#8221; global_colors_info=&#8221;{}&#8221;][et_pb_column type=&#8221;4_4&#8243; _builder_version=&#8221;4.20.4&#8243; _module_preset=&#8221;default&#8221; global_colors_info=&#8221;{}&#8221;][et_pb_text _builder_version=&#8221;4.20.4&#8243; _module_preset=&#8221;default&#8221; global_colors_info=&#8221;{}&#8221;]<\/p>\n<p><span style=\"color: #929292;\">Por existir este tipo de problemas, y por ser una t\u00e9cnica invasiva a lo que no todo el mundo est\u00e1 acostumbrado, es necesario que el fisioterapeuta explique bien todo el proceso antes de emplear la t\u00e9cnica, d\u00e1ndole al paciente informaci\u00f3n sobre ventajas, inconvenientes y tambi\u00e9n sobre otras alternativas de tratamiento.<\/span><\/p>\n<p><span style=\"color: #929292;\">En nuestra Cl\u00ednica te haremos<strong><span style=\"color: #018997;\"> un estudio pormenorizado<\/span>:<\/strong> veremos si es lo m\u00e1s adecuado para tu caso, te explicaremos el proceso y te daremos toda la informaci\u00f3n necesaria para abordar con garant\u00edas este tipo de t\u00e9cnica.<\/span><\/p>\n<p>[\/et_pb_text][\/et_pb_column][\/et_pb_row][et_pb_row _builder_version=&#8221;4.27.2&#8243; _module_preset=&#8221;default&#8221; global_colors_info=&#8221;{}&#8221; locked=&#8221;off&#8221;][et_pb_column type=&#8221;4_4&#8243; _builder_version=&#8221;4.27.2&#8243; _module_preset=&#8221;default&#8221; global_colors_info=&#8221;{}&#8221;][et_pb_heading title=&#8221;Frequently Asked Questions on Percutaneous Neuromodulation&#8221; _builder_version=&#8221;4.27.4&#8243; _module_preset=&#8221;default&#8221; title_level=&#8221;h2&#8243; title_font=&#8221;|700|||||||&#8221; title_text_align=&#8221;center&#8221; title_text_color=&#8221;#018997&#8243; hover_enabled=&#8221;0&#8243; global_colors_info=&#8221;{}&#8221; sticky_enabled=&#8221;0&#8243;][\/et_pb_heading][\/et_pb_column][\/et_pb_row][et_pb_row column_structure=&#8221;1_2,1_2&#8243; _builder_version=&#8221;4.27.2&#8243; _module_preset=&#8221;default&#8221; custom_margin=&#8221;-17px|auto||auto||&#8221; global_colors_info=&#8221;{}&#8221; locked=&#8221;off&#8221;][et_pb_column type=&#8221;1_2&#8243; _builder_version=&#8221;4.27.2&#8243; _module_preset=&#8221;default&#8221; global_colors_info=&#8221;{}&#8221;][et_pb_accordion open_toggle_text_color=&#8221;#018997&#8243; open_toggle_background_color=&#8221;RGBA(255,255,255,0)&#8221; closed_toggle_text_color=&#8221;#018997&#8243; closed_toggle_background_color=&#8221;RGBA(255,255,255,0)&#8221; icon_color=&#8221;#018997&#8243; use_icon_font_size=&#8221;on&#8221; icon_font_size=&#8221;20px&#8221; _builder_version=&#8221;4.27.4&#8243; _module_preset=&#8221;default&#8221; toggle_level=&#8221;h3&#8243; body_text_color=&#8221;#929292&#8243; hover_enabled=&#8221;0&#8243; border_color_all=&#8221;#018997&#8243; global_colors_info=&#8221;{}&#8221; sticky_enabled=&#8221;0&#8243;][et_pb_accordion_item title=&#8221;What is percutaneous neuromodulation and how does it work?&#8221; open=&#8221;on&#8221; _builder_version=&#8221;4.27.4&#8243; _module_preset=&#8221;default&#8221; hover_enabled=&#8221;0&#8243; global_colors_info=&#8221;{}&#8221; sticky_enabled=&#8221;0&#8243;]<\/p>\n<p>Percutaneous neuromodulation is an advanced technique that uses fine needles connected to an electrotherapy device to stimulate specific nerves, with the goal of reducing pain and improving muscle function.<\/p>\n<p>This stimulation is performed in a guided manner, targeting the affected areas directly and providing fast and long-lasting relief.<\/p>\n<p>[\/et_pb_accordion_item][et_pb_accordion_item title=&#8221;What are the benefits of percutaneous neuromodulation in pain treatment?&#8221; _builder_version=&#8221;4.27.4&#8243; _module_preset=&#8221;default&#8221; hover_enabled=&#8221;0&#8243; global_colors_info=&#8221;{}&#8221; open=&#8221;off&#8221; sticky_enabled=&#8221;0&#8243;]<\/p>\n<p>Percutaneous neuromodulation is highly effective in reducing pain as it directly targets the affected nerves and muscles. This technique helps decrease inflammation, relax muscles, and improve mobility, allowing for a faster recovery.<\/p>\n<p>It is also an excellent option for patients with chronic pain or injuries that have not responded well to other treatments.<\/p>\n<p>[\/et_pb_accordion_item][et_pb_accordion_item title=&#8221;What types of injuries or conditions are treated with percutaneous neuromodulation?&#8221; _builder_version=&#8221;4.27.4&#8243; _module_preset=&#8221;default&#8221; hover_enabled=&#8221;0&#8243; global_colors_info=&#8221;{}&#8221; open=&#8221;off&#8221; sticky_enabled=&#8221;0&#8243;]<\/p>\n<p>At Fisiocl\u00ednica LH, percutaneous neuromodulation is used to treat a variety of conditions, including tendinopathies, lower back pain, sciatica, neck pain, and muscle contractures.<\/p>\n<p>It is also effective for sports injuries and chronic pain, as it helps reduce muscle tension and improves the function of the nervous system.<\/p>\n<p>[\/et_pb_accordion_item][et_pb_accordion_item title=&#8221;Is percutaneous neuromodulation painful?&#8221; _builder_version=&#8221;4.27.4&#8243; _module_preset=&#8221;default&#8221; hover_enabled=&#8221;0&#8243; global_colors_info=&#8221;{}&#8221; open=&#8221;off&#8221; sticky_enabled=&#8221;0&#8243;]<\/p>\n<p>Percutaneous neuromodulation may cause mild discomfort during needle insertion and nerve stimulation. However, this discomfort is usually minimal and temporary.<\/p>\n<p>At Fisiocl\u00ednica LH, our professionals ensure the treatment is as comfortable as possible, and many patients find that the post-treatment pain relief outweighs any initial discomfort.<\/p>\n<p>[\/et_pb_accordion_item][\/et_pb_accordion][\/et_pb_column][et_pb_column type=&#8221;1_2&#8243; _builder_version=&#8221;4.27.2&#8243; _module_preset=&#8221;default&#8221; global_colors_info=&#8221;{}&#8221;][et_pb_accordion open_toggle_text_color=&#8221;#018997&#8243; open_toggle_background_color=&#8221;RGBA(255,255,255,0)&#8221; closed_toggle_text_color=&#8221;#018997&#8243; closed_toggle_background_color=&#8221;RGBA(255,255,255,0)&#8221; icon_color=&#8221;#018997&#8243; use_icon_font_size=&#8221;on&#8221; icon_font_size=&#8221;20px&#8221; _builder_version=&#8221;4.27.4&#8243; _module_preset=&#8221;default&#8221; toggle_level=&#8221;h3&#8243; body_text_color=&#8221;#929292&#8243; hover_enabled=&#8221;0&#8243; border_color_all=&#8221;#018997&#8243; global_colors_info=&#8221;{}&#8221; sticky_enabled=&#8221;0&#8243;][et_pb_accordion_item title=&#8221;How many sessions of percutaneous neuromodulation are needed?&#8221; open=&#8221;on&#8221; _builder_version=&#8221;4.27.4&#8243; _module_preset=&#8221;default&#8221; hover_enabled=&#8221;0&#8243; global_colors_info=&#8221;{}&#8221; sticky_enabled=&#8221;0&#8243;]<\/p>\n<p>The number of sessions required varies depending on the severity of the condition and the patient\u2019s response to treatment. In general, significant improvement is often noticed after the first few sessions.<\/p>\n<p>At Fisiocl\u00ednica LH, each treatment is personalised, and the physiotherapist will recommend the necessary number of sessions following an initial assessment.<\/p>\n<p>[\/et_pb_accordion_item][et_pb_accordion_item title=&#8221;How long does the effect of percutaneous neuromodulation last?&#8221; _builder_version=&#8221;4.27.4&#8243; _module_preset=&#8221;default&#8221; hover_enabled=&#8221;0&#8243; global_colors_info=&#8221;{}&#8221; open=&#8221;off&#8221; sticky_enabled=&#8221;0&#8243;]<\/p>\n<p>Pain relief and improved mobility can be immediate for some patients, while others may require a few sessions to notice significant changes.<\/p>\n<p>Generally, the effects can last from several weeks to months, depending on the injury and the individual\u2019s response to treatment. At Fisiocl\u00ednica LH, progress is evaluated in each session to optimise results and adjust the treatment as needed.<\/p>\n<p>[\/et_pb_accordion_item][et_pb_accordion_item title=&#8221;Is percutaneous neuromodulation suitable for sports injuries?&#8221; _builder_version=&#8221;4.27.4&#8243; _module_preset=&#8221;default&#8221; hover_enabled=&#8221;0&#8243; global_colors_info=&#8221;{}&#8221; open=&#8221;off&#8221; sticky_enabled=&#8221;0&#8243;]<\/p>\n<p>Yes, percutaneous neuromodulation is an ideal technique for sports injuries as it allows precise targeting of injured muscles and nerves, speeding up recovery.<\/p>\n<p>It is effective for treating tears, contractures, and common tendinopathies in athletes and can be combined with other physiotherapy methods for comprehensive recovery. At Fisiocl\u00ednica LH, many athletes find this technique invaluable for reducing recovery time and preventing relapses.<\/p>\n<p>[\/et_pb_accordion_item][et_pb_accordion_item title=&#8221;Preventing the need for more invasive treatments in athletes&#8221; _builder_version=&#8221;4.27.4&#8243; _module_preset=&#8221;default&#8221; hover_enabled=&#8221;0&#8243; global_colors_info=&#8221;{}&#8221; open=&#8221;off&#8221; sticky_enabled=&#8221;0&#8243;]<\/p>\n<div class=\"flex max-w-full flex-col flex-grow\">\n<div data-message-author-role=\"assistant\" data-message-id=\"53f12c12-3d06-4892-a467-b1df7a5221a7\" dir=\"auto\" class=\"min-h-8 text-message flex w-full flex-col items-end gap-2 whitespace-normal break-words [.text-message+&amp;]:mt-5\" data-message-model-slug=\"gpt-4o\">\n<div class=\"flex w-full flex-col gap-1 empty:hidden first:pt-[3px]\">\n<div class=\"markdown prose w-full break-words dark:prose-invert dark\">\n<p>Yes, a preventive and personalised approach with physiotherapy can strengthen muscles and joints, reducing the likelihood of severe injuries and avoiding the need for surgeries or more invasive interventions.<\/p>\n<\/div>\n<\/div>\n<\/div>\n<\/div>\n<p>[\/et_pb_accordion_item][\/et_pb_accordion][\/et_pb_column][\/et_pb_row][\/et_pb_section]<\/p>\n","protected":false},"excerpt":{"rendered":"<p>Percutaneous Neuromodulation<nav aria-label=\"breadcrumbs\" class=\"rank-math-breadcrumb\"><p><span class=\"last\">Inicio<\/span><\/p><\/nav>Percutaneous neuromodulationUltrasound-guided percutaneous neuromodulation technique is defined as the use of an ultrasound-guided needle to produce electrical stimulation of a peripheral nerve at a point along its path or of a muscle at a motor point, with a therapeutic objective.That is, we use a puncture needle associated with a low or medium frequency electrical [&hellip;]<\/p>\n","protected":false},"author":1,"featured_media":0,"parent":0,"menu_order":0,"comment_status":"closed","ping_status":"closed","template":"","meta":{"_et_pb_use_builder":"on","_et_pb_old_content":"","_et_gb_content_width":"","footnotes":""},"class_list":["post-7227","page","type-page","status-publish","hentry"],"_links":{"self":[{"href":"https:\/\/fisiolaherradura.com\/en\/wp-json\/wp\/v2\/pages\/7227","targetHints":{"allow":["GET"]}}],"collection":[{"href":"https:\/\/fisiolaherradura.com\/en\/wp-json\/wp\/v2\/pages"}],"about":[{"href":"https:\/\/fisiolaherradura.com\/en\/wp-json\/wp\/v2\/types\/page"}],"author":[{"embeddable":true,"href":"https:\/\/fisiolaherradura.com\/en\/wp-json\/wp\/v2\/users\/1"}],"replies":[{"embeddable":true,"href":"https:\/\/fisiolaherradura.com\/en\/wp-json\/wp\/v2\/comments?post=7227"}],"version-history":[{"count":0,"href":"https:\/\/fisiolaherradura.com\/en\/wp-json\/wp\/v2\/pages\/7227\/revisions"}],"wp:attachment":[{"href":"https:\/\/fisiolaherradura.com\/en\/wp-json\/wp\/v2\/media?parent=7227"}],"curies":[{"name":"wp","href":"https:\/\/api.w.org\/{rel}","templated":true}]}}